{"id":994,"date":"2020-03-25T16:06:40","date_gmt":"2020-03-25T16:06:40","guid":{"rendered":"http:\/\/hofstadter.hu\/ablak-ajto\/?post_type=product&#038;p=994"},"modified":"2020-05-17T20:58:45","modified_gmt":"2020-05-17T19:58:45","slug":"aludesign-aluslide-80-aluminium-teraszajto","status":"publish","type":"product","link":"https:\/\/hofstadter.hu\/ablak-ajto\/termek\/aludesign-aluslide-80-aluminium-teraszajto\/","title":{"rendered":"AluDesign AluSlide 80 Alum\u00ednium teraszajt\u00f3"},"content":{"rendered":"","protected":false},"excerpt":{"rendered":"<h2>A f\u00e9ny az otthona r\u00e9sz\u00e9v\u00e9 v\u00e1lik<\/h2>\n<p>Az AluSlide 80 alum\u00ednium teraszajt\u00f3 t\u00f6k\u00e9letesen kombin\u00e1lhat\u00f3 mindk\u00e9t Alu Design ablakrendszerrel \u00edgy modern \u00e9s letisztult egys\u00e9get k\u00e9peznek. Innovat\u00edv megold\u00e1s\u00e1nak k\u00f6sz\u00f6nhet\u0151en az ajt\u00f3 sz\u00e1rnym\u00e9rete ak\u00e1r 3,5 m\u00e9ter is lehet, ezzel maxim\u00e1lis szabads\u00e1got ny\u00fajtva a kimagasl\u00f3 h\u0151szigetel\u00e9si \u00e9rt\u00e9kek mellett.<\/p>\n","protected":false},"featured_media":1611,"template":"","meta":[],"product_brand":[],"product_cat":[55],"product_tag":[],"class_list":{"0":"post-994","1":"product","2":"type-product","3":"status-publish","4":"has-post-thumbnail","6":"product_cat-aludesign_teraszajtok","8":"first","9":"instock","10":"shipping-taxable","11":"product-type-simple"},"_links":{"self":[{"href":"https:\/\/hofstadter.hu\/ablak-ajto\/wp-json\/wp\/v2\/product\/994","targetHints":{"allow":["GET"]}}],"collection":[{"href":"https:\/\/hofstadter.hu\/ablak-ajto\/wp-json\/wp\/v2\/product"}],"about":[{"href":"https:\/\/hofstadter.hu\/ablak-ajto\/wp-json\/wp\/v2\/types\/product"}],"wp:featuredmedia":[{"embeddable":true,"href":"https:\/\/hofstadter.hu\/ablak-ajto\/wp-json\/wp\/v2\/media\/1611"}],"wp:attachment":[{"href":"https:\/\/hofstadter.hu\/ablak-ajto\/wp-json\/wp\/v2\/media?parent=994"}],"wp:term":[{"taxonomy":"product_brand","embeddable":true,"href":"https:\/\/hofstadter.hu\/ablak-ajto\/wp-json\/wp\/v2\/product_brand?post=994"},{"taxonomy":"product_cat","embeddable":true,"href":"https:\/\/hofstadter.hu\/ablak-ajto\/wp-json\/wp\/v2\/product_cat?post=994"},{"taxonomy":"product_tag","embeddable":true,"href":"https:\/\/hofstadter.hu\/ablak-ajto\/wp-json\/wp\/v2\/product_tag?post=994"}],"curies":[{"name":"wp","href":"https:\/\/api.w.org\/{rel}","templated":true}]}}