{"id":990,"date":"2020-03-25T15:59:35","date_gmt":"2020-03-25T15:59:35","guid":{"rendered":"http:\/\/hofstadter.hu\/ablak-ajto\/?post_type=product&#038;p=990"},"modified":"2020-05-17T20:14:55","modified_gmt":"2020-05-17T19:14:55","slug":"aludesign-75-aluminium-ablak","status":"publish","type":"product","link":"https:\/\/hofstadter.hu\/ablak-ajto\/termek\/aludesign-75-aluminium-ablak\/","title":{"rendered":"AluDesign 75 Alum\u00ednium Ablak"},"content":{"rendered":"","protected":false},"excerpt":{"rendered":"<h2>Sokoldal\u00fa, minimalista elegancia<\/h2>\n<p>A kis be\u00e9p\u00edt\u00e9si m\u00e9lys\u00e9g szabad kezet ad a k\u00fcl\u00f6nleges, trendteremt\u0151 \u00e9p\u00edt\u00e9szeti tervek megval\u00f3s\u00edt\u00e1s\u00e1hoz. Az alum\u00ednium er\u0151t sug\u00e1rz\u00f3, egyenes vonalai harmonikusan keretezik a nagy \u00fcvegfel\u00fcleteket, \u00e9s energiatakar\u00e9kos megold\u00e1st ny\u00fajtanak modern otthon\u00e1hoz. Az AluDesign 75 alum\u00ednium ablak teret engednek az \u00f6nmegval\u00f3s\u00edt\u00e1snak.<\/p>\n","protected":false},"featured_media":1568,"template":"","meta":[],"product_brand":[],"product_cat":[52],"product_tag":[],"class_list":{"0":"post-990","1":"product","2":"type-product","3":"status-publish","4":"has-post-thumbnail","6":"product_cat-aludesign_ablakok","8":"first","9":"instock","10":"shipping-taxable","11":"product-type-simple"},"_links":{"self":[{"href":"https:\/\/hofstadter.hu\/ablak-ajto\/wp-json\/wp\/v2\/product\/990","targetHints":{"allow":["GET"]}}],"collection":[{"href":"https:\/\/hofstadter.hu\/ablak-ajto\/wp-json\/wp\/v2\/product"}],"about":[{"href":"https:\/\/hofstadter.hu\/ablak-ajto\/wp-json\/wp\/v2\/types\/product"}],"wp:featuredmedia":[{"embeddable":true,"href":"https:\/\/hofstadter.hu\/ablak-ajto\/wp-json\/wp\/v2\/media\/1568"}],"wp:attachment":[{"href":"https:\/\/hofstadter.hu\/ablak-ajto\/wp-json\/wp\/v2\/media?parent=990"}],"wp:term":[{"taxonomy":"product_brand","embeddable":true,"href":"https:\/\/hofstadter.hu\/ablak-ajto\/wp-json\/wp\/v2\/product_brand?post=990"},{"taxonomy":"product_cat","embeddable":true,"href":"https:\/\/hofstadter.hu\/ablak-ajto\/wp-json\/wp\/v2\/product_cat?post=990"},{"taxonomy":"product_tag","embeddable":true,"href":"https:\/\/hofstadter.hu\/ablak-ajto\/wp-json\/wp\/v2\/product_tag?post=990"}],"curies":[{"name":"wp","href":"https:\/\/api.w.org\/{rel}","templated":true}]}}