{"id":984,"date":"2020-03-25T15:27:20","date_gmt":"2020-03-25T15:27:20","guid":{"rendered":"http:\/\/hofstadter.hu\/ablak-ajto\/?post_type=product&#038;p=984"},"modified":"2020-05-17T20:17:06","modified_gmt":"2020-05-17T19:17:06","slug":"okostyle-92-muanyag-ablak","status":"publish","type":"product","link":"https:\/\/hofstadter.hu\/ablak-ajto\/termek\/okostyle-92-muanyag-ablak\/","title":{"rendered":"\u00d6koStyle 92 M\u0171anyag Ablak"},"content":{"rendered":"","protected":false},"excerpt":{"rendered":"<h2>Kiemelked\u0151 h\u0151szigetel\u00e9s sz\u00ednesen<\/h2>\n<p>Az \u00d6koStyle 92 m\u0171anyag ablak j\u00f6v\u0151be mutat\u00f3 h\u0151szigetel\u00e9si \u00e9rt\u00e9kei a passz\u00edvh\u00e1z k\u00f6vetelm\u00e9nyeknek is megfelelnek m\u00edg a modern st\u00edlusb\u00f3l egy cseppet sem kell engednie. Az \u00d6koStyle 92 m\u0171anyag ablak nem csak a kiemelt profilvastags\u00e1ggal de a h\u0151h\u00eddmentes merev\u00edt\u00e9ssel \u00e9s a h\u00e1rmas gumit\u00f6m\u00edt\u00e9ssel is t\u00f6k\u00e9letes h\u0151szigetel\u00e9sre t\u00f6rekszik. Term\u00e9szetesen itt is h\u00e1rom, ak\u00e1r k\u00fcl\u00f6nb\u00f6z\u0151 sz\u00ednt is v\u00e1laszthat.<\/p>\n","protected":false},"featured_media":985,"template":"","meta":[],"product_brand":[],"product_cat":[54],"product_tag":[],"class_list":{"0":"post-984","1":"product","2":"type-product","3":"status-publish","4":"has-post-thumbnail","6":"product_cat-okostyle_ablakok","8":"first","9":"instock","10":"shipping-taxable","11":"product-type-simple"},"_links":{"self":[{"href":"https:\/\/hofstadter.hu\/ablak-ajto\/wp-json\/wp\/v2\/product\/984","targetHints":{"allow":["GET"]}}],"collection":[{"href":"https:\/\/hofstadter.hu\/ablak-ajto\/wp-json\/wp\/v2\/product"}],"about":[{"href":"https:\/\/hofstadter.hu\/ablak-ajto\/wp-json\/wp\/v2\/types\/product"}],"wp:featuredmedia":[{"embeddable":true,"href":"https:\/\/hofstadter.hu\/ablak-ajto\/wp-json\/wp\/v2\/media\/985"}],"wp:attachment":[{"href":"https:\/\/hofstadter.hu\/ablak-ajto\/wp-json\/wp\/v2\/media?parent=984"}],"wp:term":[{"taxonomy":"product_brand","embeddable":true,"href":"https:\/\/hofstadter.hu\/ablak-ajto\/wp-json\/wp\/v2\/product_brand?post=984"},{"taxonomy":"product_cat","embeddable":true,"href":"https:\/\/hofstadter.hu\/ablak-ajto\/wp-json\/wp\/v2\/product_cat?post=984"},{"taxonomy":"product_tag","embeddable":true,"href":"https:\/\/hofstadter.hu\/ablak-ajto\/wp-json\/wp\/v2\/product_tag?post=984"}],"curies":[{"name":"wp","href":"https:\/\/api.w.org\/{rel}","templated":true}]}}