{"id":979,"date":"2020-03-25T15:23:22","date_gmt":"2020-03-25T15:23:22","guid":{"rendered":"http:\/\/hofstadter.hu\/ablak-ajto\/?post_type=product&#038;p=979"},"modified":"2022-12-08T14:24:17","modified_gmt":"2022-12-08T12:24:17","slug":"okostyle-76-muanyag-ablak","status":"publish","type":"product","link":"https:\/\/hofstadter.hu\/ablak-ajto\/termek\/okostyle-76-muanyag-ablak\/","title":{"rendered":"\u00d6koStyle 76 M\u0171anyag Ablak"},"content":{"rendered":"","protected":false},"excerpt":{"rendered":"<h2>Sokoldal\u00fas\u00e1g eleg\u00e1ns sz\u00ednekbe \u00f6lt\u00f6ztetve<\/h2>\n<p>Az \u00d6koStyle 76 m\u0171anyag ablak energiatakar\u00e9kos megold\u00e1st ny\u00fajt modern otthon\u00e1hoz, m\u00edg az alacsony profilmagass\u00e1g \u00e9s a nagy \u00fcvegfel\u00fcletek a f\u00e9nyben \u00fasz\u00f3 tereket garant\u00e1lj\u00e1k. A trendteremt\u0151 \u00e9p\u00edt\u00e9szeti tervek megval\u00f3s\u00edt\u00e1s\u00e1hoz hathat\u00f3s seg\u00edts\u00e9g m\u00e9g a ny\u00edl\u00e1sz\u00e1r\u00f3k kis be\u00e9p\u00edt\u00e9si m\u00e9lys\u00e9ge \u00e9s h\u00e1rmas sz\u00ednv\u00e1laszt\u00e1s lehet\u0151s\u00e9ge. Az \u00d6koStyle 76 m\u0171anyag ablak teret engednek az \u00f6nmegval\u00f3s\u00edt\u00e1snak.<\/p>\n","protected":false},"featured_media":982,"template":"","meta":[],"product_brand":[],"product_cat":[54],"product_tag":[],"class_list":{"0":"post-979","1":"product","2":"type-product","3":"status-publish","4":"has-post-thumbnail","6":"product_cat-okostyle_ablakok","8":"first","9":"instock","10":"shipping-taxable","11":"product-type-simple"},"_links":{"self":[{"href":"https:\/\/hofstadter.hu\/ablak-ajto\/wp-json\/wp\/v2\/product\/979","targetHints":{"allow":["GET"]}}],"collection":[{"href":"https:\/\/hofstadter.hu\/ablak-ajto\/wp-json\/wp\/v2\/product"}],"about":[{"href":"https:\/\/hofstadter.hu\/ablak-ajto\/wp-json\/wp\/v2\/types\/product"}],"wp:featuredmedia":[{"embeddable":true,"href":"https:\/\/hofstadter.hu\/ablak-ajto\/wp-json\/wp\/v2\/media\/982"}],"wp:attachment":[{"href":"https:\/\/hofstadter.hu\/ablak-ajto\/wp-json\/wp\/v2\/media?parent=979"}],"wp:term":[{"taxonomy":"product_brand","embeddable":true,"href":"https:\/\/hofstadter.hu\/ablak-ajto\/wp-json\/wp\/v2\/product_brand?post=979"},{"taxonomy":"product_cat","embeddable":true,"href":"https:\/\/hofstadter.hu\/ablak-ajto\/wp-json\/wp\/v2\/product_cat?post=979"},{"taxonomy":"product_tag","embeddable":true,"href":"https:\/\/hofstadter.hu\/ablak-ajto\/wp-json\/wp\/v2\/product_tag?post=979"}],"curies":[{"name":"wp","href":"https:\/\/api.w.org\/{rel}","templated":true}]}}