{"id":977,"date":"2020-03-25T15:17:35","date_gmt":"2020-03-25T15:17:35","guid":{"rendered":"http:\/\/hofstadter.hu\/ablak-ajto\/?post_type=product&#038;p=977"},"modified":"2020-05-17T20:38:40","modified_gmt":"2020-05-17T19:38:40","slug":"alustyle-energytech-muanyag-aluminium-ablak","status":"publish","type":"product","link":"https:\/\/hofstadter.hu\/ablak-ajto\/termek\/alustyle-energytech-muanyag-aluminium-ablak\/","title":{"rendered":"AluStyle Energytech M\u0171anyag-Alum\u00ednium Ablak"},"content":{"rendered":"","protected":false},"excerpt":{"rendered":"<h2>A passz\u00edv h\u00e1z minimalista vonalakkal megrajzolva<\/h2>\n<p>All in one, vagy minden egy helyen. Az AluStyle Energytech m\u0171anyag-alum\u00ednium ablak nagy t\u00e9tekkel j\u00e1tszik. A kiemelked\u0151 profilvastags\u00e1gnak \u00e9s az ablaktestben k\u00f6rbefut\u00f3, integr\u00e1lt szigetel\u00e9snek k\u00f6sz\u00f6nhet\u0151 a passz\u00edv h\u00e1zak h\u0151szigetel\u00e9si \u00e9rt\u00e9k\u00e9t ny\u00fajtja. A meger\u0151s\u00edtett sz\u00e1rnykialak\u00edt\u00e1s a biztons\u00e1got, a s\u00edkban z\u00e1r\u00f3d\u00f3 k\u00fcls\u0151 oldal pedig a mai trendekhez hangolt, modern diz\u00e1jnt garant\u00e1lja.<\/p>\n<p>V\u00e1lassza ki az otthon\u00e1hoz legjobban ill\u0151 st\u00edlust \u00e9s sz\u00edneket szem\u00e9lyesen bemutat\u00f3term\u00fcnkben, ahol a tervez\u00e9st\u0151l a be\u00e9p\u00edt\u00e9sig mindenben sz\u00edvesen \u00e1llunk rendelkez\u00e9s\u00e9re!<\/p>\n","protected":false},"featured_media":978,"template":"","meta":[],"product_brand":[],"product_cat":[53],"product_tag":[],"class_list":{"0":"post-977","1":"product","2":"type-product","3":"status-publish","4":"has-post-thumbnail","6":"product_cat-alustyle_ablakok","8":"first","9":"instock","10":"shipping-taxable","11":"product-type-simple"},"_links":{"self":[{"href":"https:\/\/hofstadter.hu\/ablak-ajto\/wp-json\/wp\/v2\/product\/977","targetHints":{"allow":["GET"]}}],"collection":[{"href":"https:\/\/hofstadter.hu\/ablak-ajto\/wp-json\/wp\/v2\/product"}],"about":[{"href":"https:\/\/hofstadter.hu\/ablak-ajto\/wp-json\/wp\/v2\/types\/product"}],"wp:featuredmedia":[{"embeddable":true,"href":"https:\/\/hofstadter.hu\/ablak-ajto\/wp-json\/wp\/v2\/media\/978"}],"wp:attachment":[{"href":"https:\/\/hofstadter.hu\/ablak-ajto\/wp-json\/wp\/v2\/media?parent=977"}],"wp:term":[{"taxonomy":"product_brand","embeddable":true,"href":"https:\/\/hofstadter.hu\/ablak-ajto\/wp-json\/wp\/v2\/product_brand?post=977"},{"taxonomy":"product_cat","embeddable":true,"href":"https:\/\/hofstadter.hu\/ablak-ajto\/wp-json\/wp\/v2\/product_cat?post=977"},{"taxonomy":"product_tag","embeddable":true,"href":"https:\/\/hofstadter.hu\/ablak-ajto\/wp-json\/wp\/v2\/product_tag?post=977"}],"curies":[{"name":"wp","href":"https:\/\/api.w.org\/{rel}","templated":true}]}}