{"id":975,"date":"2020-03-25T15:13:48","date_gmt":"2020-03-25T15:13:48","guid":{"rendered":"http:\/\/hofstadter.hu\/ablak-ajto\/?post_type=product&#038;p=975"},"modified":"2020-05-17T20:40:30","modified_gmt":"2020-05-17T19:40:30","slug":"alustyle-addon-muanyag-aluminium-ablak","status":"publish","type":"product","link":"https:\/\/hofstadter.hu\/ablak-ajto\/termek\/alustyle-addon-muanyag-aluminium-ablak\/","title":{"rendered":"AluStyle Addon M\u0171anyag-Alum\u00ednium Ablak"},"content":{"rendered":"","protected":false},"excerpt":{"rendered":"<h2>High-tech megold\u00e1s a k\u00e9nyelem\u00e9rt<\/h2>\n<p>A n\u00e9gyr\u00e9teg\u0171 \u00fcvegez\u00e9s m\u00e1r \u00f6nmag\u00e1ban is az AluStyle Addon m\u0171anyag-alum\u00ednium ablak k\u00fcl\u00f6nleges adotts\u00e1ga, de mindezzel m\u00e9g nincs v\u00e9ge. A negyedik \u00fcvegr\u00e9teg egy egyedi megold\u00e1st, az integr\u00e1lt alum\u00ednium \u00e1rny\u00e9kol\u00f3kat hivatott az ablak belsej\u00e9be z\u00e1rni. Ezzel a modern h\u00e1ziasszonyok \u00e1lm\u00e1t, a pormentes \u00e1rny\u00e9kol\u00f3t \u00e9s a h\u0151szigetel\u00e9si \u00e9rt\u00e9kek\u00e9rt rajong\u00f3 apuk\u00e1k ig\u00e9nyeit egyszerre el\u00e9g\u00edti ki.<\/p>\n","protected":false},"featured_media":976,"template":"","meta":[],"product_brand":[],"product_cat":[53],"product_tag":[],"class_list":{"0":"post-975","1":"product","2":"type-product","3":"status-publish","4":"has-post-thumbnail","6":"product_cat-alustyle_ablakok","8":"first","9":"instock","10":"shipping-taxable","11":"product-type-simple"},"_links":{"self":[{"href":"https:\/\/hofstadter.hu\/ablak-ajto\/wp-json\/wp\/v2\/product\/975","targetHints":{"allow":["GET"]}}],"collection":[{"href":"https:\/\/hofstadter.hu\/ablak-ajto\/wp-json\/wp\/v2\/product"}],"about":[{"href":"https:\/\/hofstadter.hu\/ablak-ajto\/wp-json\/wp\/v2\/types\/product"}],"wp:featuredmedia":[{"embeddable":true,"href":"https:\/\/hofstadter.hu\/ablak-ajto\/wp-json\/wp\/v2\/media\/976"}],"wp:attachment":[{"href":"https:\/\/hofstadter.hu\/ablak-ajto\/wp-json\/wp\/v2\/media?parent=975"}],"wp:term":[{"taxonomy":"product_brand","embeddable":true,"href":"https:\/\/hofstadter.hu\/ablak-ajto\/wp-json\/wp\/v2\/product_brand?post=975"},{"taxonomy":"product_cat","embeddable":true,"href":"https:\/\/hofstadter.hu\/ablak-ajto\/wp-json\/wp\/v2\/product_cat?post=975"},{"taxonomy":"product_tag","embeddable":true,"href":"https:\/\/hofstadter.hu\/ablak-ajto\/wp-json\/wp\/v2\/product_tag?post=975"}],"curies":[{"name":"wp","href":"https:\/\/api.w.org\/{rel}","templated":true}]}}