{"id":969,"date":"2020-03-25T14:16:43","date_gmt":"2020-03-25T14:16:43","guid":{"rendered":"http:\/\/hofstadter.hu\/ablak-ajto\/?post_type=product&#038;p=969"},"modified":"2020-05-17T20:44:39","modified_gmt":"2020-05-17T19:44:39","slug":"alustyle-zero-muanyag-aluminium-ablak","status":"publish","type":"product","link":"https:\/\/hofstadter.hu\/ablak-ajto\/termek\/alustyle-zero-muanyag-aluminium-ablak\/","title":{"rendered":"AluStyle Zero M\u0171anyag-Alum\u00ednium Ablak"},"content":{"rendered":"","protected":false},"excerpt":{"rendered":"<h2>Letisztult, indusztri\u00e1lis diz\u00e1jn<\/h2>\n<p>Az id\u0151tlen \u00e9s m\u00e9gis modern st\u00edlus a ma biztos v\u00e1laszt\u00e1sa. A s\u00edkban z\u00e1r\u00f3d\u00f3 ny\u00edl\u00e1sz\u00e1r\u00f3k egybef\u00fcgg\u0151 alum\u00ednium fel\u00fcletei er\u0151t sug\u00e1rz\u00f3, egyenes vonalaikkal harmonikusan keretezik a nagy \u00fcvegfel\u00fcleteket. Az AluStyle Zero m\u0171anyag-alum\u00ednium ablak a mai csal\u00e1di h\u00e1zakn\u00e1l is egyre divatosabb indusztri\u00e1lis k\u00fcls\u0151 diz\u00e1jnnal teszi egyszerre l\u00e1ggy\u00e1 \u00e9s robusztuss\u00e1 az \u00e9p\u00fcletet.<\/p>\n","protected":false},"featured_media":970,"template":"","meta":[],"product_brand":[],"product_cat":[53],"product_tag":[],"class_list":{"0":"post-969","1":"product","2":"type-product","3":"status-publish","4":"has-post-thumbnail","6":"product_cat-alustyle_ablakok","8":"first","9":"instock","10":"shipping-taxable","11":"product-type-simple"},"_links":{"self":[{"href":"https:\/\/hofstadter.hu\/ablak-ajto\/wp-json\/wp\/v2\/product\/969","targetHints":{"allow":["GET"]}}],"collection":[{"href":"https:\/\/hofstadter.hu\/ablak-ajto\/wp-json\/wp\/v2\/product"}],"about":[{"href":"https:\/\/hofstadter.hu\/ablak-ajto\/wp-json\/wp\/v2\/types\/product"}],"wp:featuredmedia":[{"embeddable":true,"href":"https:\/\/hofstadter.hu\/ablak-ajto\/wp-json\/wp\/v2\/media\/970"}],"wp:attachment":[{"href":"https:\/\/hofstadter.hu\/ablak-ajto\/wp-json\/wp\/v2\/media?parent=969"}],"wp:term":[{"taxonomy":"product_brand","embeddable":true,"href":"https:\/\/hofstadter.hu\/ablak-ajto\/wp-json\/wp\/v2\/product_brand?post=969"},{"taxonomy":"product_cat","embeddable":true,"href":"https:\/\/hofstadter.hu\/ablak-ajto\/wp-json\/wp\/v2\/product_cat?post=969"},{"taxonomy":"product_tag","embeddable":true,"href":"https:\/\/hofstadter.hu\/ablak-ajto\/wp-json\/wp\/v2\/product_tag?post=969"}],"curies":[{"name":"wp","href":"https:\/\/api.w.org\/{rel}","templated":true}]}}