{"id":1928,"date":"2020-05-12T08:37:16","date_gmt":"2020-05-12T07:37:16","guid":{"rendered":"http:\/\/hofstadter.hu\/ablak-ajto\/?post_type=product&#038;p=1928"},"modified":"2020-05-17T20:31:38","modified_gmt":"2020-05-17T19:31:38","slug":"woodstyle-zero-plus-fa-ablak","status":"publish","type":"product","link":"https:\/\/hofstadter.hu\/ablak-ajto\/termek\/woodstyle-zero-plus-fa-ablak\/","title":{"rendered":"WoodStyle Zero Plus Fa Ablak"},"content":{"rendered":"","protected":false},"excerpt":{"rendered":"<h2>Nemes fa ablak modern alum\u00ednium bor\u00edt\u00e1ssal<\/h2>\n<p>A minimalista vonalakat pont egy csipetnyivel a kort\u00e1rs, modern ir\u00e1nyba tolva a t\u00f6k\u00e9letes \u00f6sszhangot alkottuk meg ezzel a nemes fa ablakkal. A s\u00edkban z\u00e1r\u00f3d\u00f3 \u00e9s id\u0151j\u00e1r\u00e1s\u00e1ll\u00f3 alum\u00ednium bor\u00edt\u00e1s id\u0151tlen v\u00e9delmet ny\u00fajt a bels\u0151 nemes fa ablaknak, mely kiemelked\u0151 m\u0171k\u00f6d\u00e9si komfortj\u00e1val \u00e9s a legmagasabb szint\u0171 h\u0151- \u00e9s hangszigetel\u00e9si \u00e9rt\u00e9keivel b\u00e1rmely mai csal\u00e1di h\u00e1zhoz kiv\u00e1l\u00f3 v\u00e1laszt\u00e1s.<\/p>\n<p>V\u00e1lassza ki az otthon\u00e1hoz legjobban ill\u0151 st\u00edlust \u00e9s sz\u00edneket szem\u00e9lyesen bemutat\u00f3term\u00fcnkben, ahol a tervez\u00e9st\u0151l a be\u00e9p\u00edt\u00e9sig mindenben sz\u00edvesen \u00e1llunk rendelkez\u00e9s\u00e9re!<\/p>\n","protected":false},"featured_media":1931,"template":"","meta":[],"product_brand":[],"product_cat":[51],"product_tag":[],"class_list":{"0":"post-1928","1":"product","2":"type-product","3":"status-publish","4":"has-post-thumbnail","6":"product_cat-woodstyle_ablakok","8":"first","9":"instock","10":"shipping-taxable","11":"product-type-simple"},"_links":{"self":[{"href":"https:\/\/hofstadter.hu\/ablak-ajto\/wp-json\/wp\/v2\/product\/1928","targetHints":{"allow":["GET"]}}],"collection":[{"href":"https:\/\/hofstadter.hu\/ablak-ajto\/wp-json\/wp\/v2\/product"}],"about":[{"href":"https:\/\/hofstadter.hu\/ablak-ajto\/wp-json\/wp\/v2\/types\/product"}],"wp:featuredmedia":[{"embeddable":true,"href":"https:\/\/hofstadter.hu\/ablak-ajto\/wp-json\/wp\/v2\/media\/1931"}],"wp:attachment":[{"href":"https:\/\/hofstadter.hu\/ablak-ajto\/wp-json\/wp\/v2\/media?parent=1928"}],"wp:term":[{"taxonomy":"product_brand","embeddable":true,"href":"https:\/\/hofstadter.hu\/ablak-ajto\/wp-json\/wp\/v2\/product_brand?post=1928"},{"taxonomy":"product_cat","embeddable":true,"href":"https:\/\/hofstadter.hu\/ablak-ajto\/wp-json\/wp\/v2\/product_cat?post=1928"},{"taxonomy":"product_tag","embeddable":true,"href":"https:\/\/hofstadter.hu\/ablak-ajto\/wp-json\/wp\/v2\/product_tag?post=1928"}],"curies":[{"name":"wp","href":"https:\/\/api.w.org\/{rel}","templated":true}]}}