{"id":1283,"date":"2020-03-29T22:03:37","date_gmt":"2020-03-29T21:03:37","guid":{"rendered":"http:\/\/hofstadter.hu\/ablak-ajto\/?post_type=product&#038;p=1283"},"modified":"2020-05-17T20:47:55","modified_gmt":"2020-05-17T19:47:55","slug":"woodstyle-zero-fa-ablak","status":"publish","type":"product","link":"https:\/\/hofstadter.hu\/ablak-ajto\/termek\/woodstyle-zero-fa-ablak\/","title":{"rendered":"WoodStyle Zero Fa Ablak"},"content":{"rendered":"","protected":false},"excerpt":{"rendered":"<h2>Nemes fa ablak minimalista alum\u00ednium testben<\/h2>\n<p>A minimalist\u00e1n letisztult, s\u00edkban z\u00e1r\u00f3d\u00f3 \u00e9s id\u0151j\u00e1r\u00e1s\u00e1ll\u00f3 alum\u00ednium bor\u00edt\u00e1s m\u00f6g\u00f6tt a term\u00e9szet adta kecses r\u00e9szletek rejlenek \u00edgy egyes\u00edtve az organikus anyaghaszn\u00e1latot a kort\u00e1rs \u00e9p\u00edt\u00e9szet egyszer\u0171s\u00e9gre t\u00f6rekv\u0151 szeml\u00e9let\u00e9vel.\u00a0 A fa ablak fogalm\u00e1t \u00fajradefini\u00e1l\u00f3 WoodStyle diz\u00e1jnkoncepci\u00f3 m\u00f6g\u00f6tt kiemelked\u0151 m\u0171k\u00f6d\u00e9si komfort \u00e9s a legmagasabb szint\u0171 v\u00edzz\u00e1r\u00f3s\u00e1g, sz\u00e9l\u00e1ll\u00f3s\u00e1g, hangszigetel\u00e9s \u00e9s energiatakar\u00e9koss\u00e1g \u00e1ll.<\/p>\n<p>V\u00e1lassza ki az otthon\u00e1hoz legjobban ill\u0151 st\u00edlust \u00e9s sz\u00edneket szem\u00e9lyesen bemutat\u00f3term\u00fcnkben, ahol a tervez\u00e9st\u0151l a be\u00e9p\u00edt\u00e9sig mindenben sz\u00edvesen \u00e1llunk rendelkez\u00e9s\u00e9re!<\/p>\n","protected":false},"featured_media":1962,"template":"","meta":[],"product_brand":[],"product_cat":[51],"product_tag":[],"class_list":{"0":"post-1283","1":"product","2":"type-product","3":"status-publish","4":"has-post-thumbnail","6":"product_cat-woodstyle_ablakok","8":"first","9":"instock","10":"shipping-taxable","11":"product-type-simple"},"_links":{"self":[{"href":"https:\/\/hofstadter.hu\/ablak-ajto\/wp-json\/wp\/v2\/product\/1283","targetHints":{"allow":["GET"]}}],"collection":[{"href":"https:\/\/hofstadter.hu\/ablak-ajto\/wp-json\/wp\/v2\/product"}],"about":[{"href":"https:\/\/hofstadter.hu\/ablak-ajto\/wp-json\/wp\/v2\/types\/product"}],"wp:featuredmedia":[{"embeddable":true,"href":"https:\/\/hofstadter.hu\/ablak-ajto\/wp-json\/wp\/v2\/media\/1962"}],"wp:attachment":[{"href":"https:\/\/hofstadter.hu\/ablak-ajto\/wp-json\/wp\/v2\/media?parent=1283"}],"wp:term":[{"taxonomy":"product_brand","embeddable":true,"href":"https:\/\/hofstadter.hu\/ablak-ajto\/wp-json\/wp\/v2\/product_brand?post=1283"},{"taxonomy":"product_cat","embeddable":true,"href":"https:\/\/hofstadter.hu\/ablak-ajto\/wp-json\/wp\/v2\/product_cat?post=1283"},{"taxonomy":"product_tag","embeddable":true,"href":"https:\/\/hofstadter.hu\/ablak-ajto\/wp-json\/wp\/v2\/product_tag?post=1283"}],"curies":[{"name":"wp","href":"https:\/\/api.w.org\/{rel}","templated":true}]}}